{"id":7823,"date":"2020-07-28T11:17:27","date_gmt":"2020-07-28T11:17:27","guid":{"rendered":"http:\/\/essential.centerprise-group.com\/set-up-a-meeting-with-us\/"},"modified":"2020-09-24T10:39:41","modified_gmt":"2020-09-24T10:39:41","slug":"set-up-a-meeting-with-us","status":"publish","type":"page","link":"https:\/\/www.centerprise-group.com\/en\/set-up-a-meeting-with-us\/","title":{"rendered":"Set up a <strong>meeting<\/strong> with us!"},"content":{"rendered":"<section class=\"l-section wpb_row height_custom\"><div class=\"l-section-h i-cf\"><div class=\"g-cols vc_row via_flex valign_top type_default stacking_default\"><div class=\"vc_col-sm-12 wpb_column vc_column_container\"><div class=\"vc_column-inner\"><div class=\"wpb_wrapper\"><div class=\"wpb_text_column\"><div class=\"wpb_wrapper\"><p>We are looking forward to your visit in our offices!<\/p>\n<p><strong>Centerprise Group<\/strong><br \/>\nSkyline \u2013 Heiligenst\u00e4dterstra\u00dfe 31, 1190 Vienna<br \/>\n(Innerer D\u00f6blinger G\u00fcrtel, Stadtbahnbogen 352)<\/p>\n<p>Mag. Gerald Liebscher: <a href=\"tel:+436642639770\">+43 664 26 39 770<\/a><a href=\"tel:0043152657680\"><br \/>\n<\/a>Peter Pointner: <a href=\"tel:+436643377417\">+43 664 33 77 417<\/a><br \/>\nE-mail: <a href=\"mailto:office@centerprise-group.com\">office@centerprise-group.com<\/a><\/p>\n<\/div><\/div><div class=\"w-separator size_large\"><\/div><div class=\"wpb_text_column\"><div class=\"wpb_wrapper\"><h2 style=\"text-align: center;\">Directions<\/h2>\n<\/div><\/div><div class=\"w-separator size_medium\"><\/div><div class=\"w-map provider_osm\" id=\"us_map_1\"><div class=\"w-map-inner\"><div class=\"w-map-json\" onclick='return {&quot;address&quot;:&quot;D\\u00f6blinger G\\u00fcrtel 351, 1190 Wien&quot;,&quot;disableDragging&quot;:0,&quot;disableZoom&quot;:0,&quot;hideControls&quot;:0,&quot;zoom&quot;:18,&quot;markers&quot;:[{&quot;address&quot;:&quot;D\\u00f6blinger G\\u00fcrtel 351, 1190 Wien&quot;,&quot;html&quot;:&quot;&lt;h6&gt;Centerprise Group&lt;\\\/h6&gt;&quot;,&quot;infowindow&quot;:&quot;1&quot;}],&quot;style&quot;:&quot;https:\\\/\\\/{s}.tile.openstreetmap.org\\\/{z}\\\/{x}\\\/{y}.png&quot;}'><\/div><\/div><\/div><div class=\"w-separator size_large\"><\/div><div class=\"w-tabs style_default switch_click accordion type_togglable has_scrolling\" style=\"--sections-title-size:inherit\"><div class=\"w-tabs-sections titles-align_none icon_triangle cpos_left\"><div class=\"w-tabs-section\" id=\"c682\"><button class=\"w-tabs-section-header\" aria-controls=\"content-c682\" aria-expanded=\"false\"><div class=\"w-tabs-section-title\">Arrival by public transport<\/div><div class=\"w-tabs-section-control\"><\/div><\/button><div  class=\"w-tabs-section-content\" id=\"content-c682\"><div class=\"w-tabs-section-content-h i-cf\"><div class=\"wpb_text_column\"><div class=\"wpb_wrapper\"><ul>\n<li>U4, U6 (station: Spittelau)<\/li>\n<li>S-Bahn (S 40 \u2013 station: Spittelau)<\/li>\n<li>Bus lines 35A and 37A (stop: Spittelau)<\/li>\n<li>Tram lines D (station: Spittelau) and 37, 38 (station: Nu\u00dfdorfer Stra\u00dfe)<\/li>\n<\/ul>\n<p>The Spittelau subway station and train station are connected by the so-called &#8220;Skywalk&#8221;, which is protected from the weather and leads you to the Stadtbahnb\u00f6gen building complex, where our offices are located.<\/p>\n<\/div><\/div><\/div><\/div><\/div><div class=\"w-tabs-section\" id=\"o959\"><button class=\"w-tabs-section-header\" aria-controls=\"content-o959\" aria-expanded=\"false\"><div class=\"w-tabs-section-title\">Arrival by car<\/div><div class=\"w-tabs-section-control\"><\/div><\/button><div  class=\"w-tabs-section-content\" id=\"content-o959\"><div class=\"w-tabs-section-content-h i-cf\"><div class=\"wpb_text_column\"><div class=\"wpb_wrapper\"><p>The strategically very convenient location of our offices on the D\u00f6blinger G\u00fcrtel guarantees a quick journey:<\/p>\n<ul>\n<li>from the city centre of Vienna or A4 via the L\u00e4nde<\/li>\n<li>from the south and west motorways across the G\u00fcrtel<\/li>\n<li>from the Danube bank motorway via the Handelskai<\/li>\n<\/ul>\n<p>Right next to our offices is the Skyline Garage, where you can park your car comfortably.<\/p>\n<\/div><\/div><\/div><\/div><\/div><\/div><\/div><div class=\"w-separator size_large\"><\/div><div class=\"wpb_text_column\"><div class=\"wpb_wrapper\"><h2 style=\"text-align: center;\">Contact<\/h2>\n<\/div><\/div><div class=\"w-separator size_medium\"><\/div><form class=\"w-form  us-field-style_1 layout_ver for_cform us_form_1\" autocomplete=\"off\" action=\"https:\/\/www.centerprise-group.com\/en\/wp-json\/wp\/v2\/pages\/7823\" method=\"post\"><div class=\"w-form-h\"><div class=\"w-form-row for_text required\">\r\n\t\t<div class=\"w-form-row-field\">\r\n\t\t\t\t\t\t<input aria-label=\"First name\" type=\"text\" name=\"us_form_1_text_1\" value placeholder=\"First name *\" data-required=\"true\" aria-required=\"true\"\/>\r\n\t\t\t<\/div>\r\n\t\t<div class=\"w-form-row-state\">Fill out this field<\/div>\r\n<\/div>\r\n<div class=\"w-form-row for_text required\">\r\n\t\t<div class=\"w-form-row-field\">\r\n\t\t\t\t\t\t<input aria-label=\"Last name\" type=\"text\" name=\"us_form_1_text_2\" value placeholder=\"Last name *\" data-required=\"true\" aria-required=\"true\"\/>\r\n\t\t\t<\/div>\r\n\t\t<div class=\"w-form-row-state\">Fill out this field<\/div>\r\n<\/div>\r\n<div class=\"w-form-row for_email required\">\r\n\t\t<div class=\"w-form-row-field\">\r\n\t\t\t\t\t\t<input aria-label=\"E-mail\" type=\"email\" name=\"us_form_1_email_1\" value placeholder=\"E-mail *\" data-required=\"true\" aria-required=\"true\"\/>\r\n\t\t\t<\/div>\r\n\t\t<div class=\"w-form-row-state\">Please enter a valid email address.<\/div>\r\n<\/div>\r\n<div class=\"w-form-row for_text required\">\r\n\t\t<div class=\"w-form-row-field\">\r\n\t\t\t\t\t\t<input aria-label=\"Phone number\" type=\"text\" name=\"us_form_1_text_3\" value placeholder=\"Phone number *\" data-required=\"true\" aria-required=\"true\"\/>\r\n\t\t\t<\/div>\r\n\t\t<div class=\"w-form-row-state\">Fill out this field<\/div>\r\n<\/div>\r\n<div class=\"w-form-row for_textarea required\">\r\n\t\t<div class=\"w-form-row-field\">\r\n\t\t\t\t\t\t<textarea aria-label=\"Message\" name=\"us_form_1_textarea_1\" placeholder=\"Message *\" data-required=\"true\" aria-required=\"true\"><\/textarea>\r\n\t\t\t<\/div>\r\n\t\t<div class=\"w-form-row-state\">Fill out this field<\/div>\r\n<\/div>\r\n<div class=\"w-form-row for_agreement required\">\r\n\t\t<div class=\"w-form-row-field\">\r\n\t\t\t\t<label>\r\n\t\t\t<input type=\"checkbox\" value=\"1\" data-required=\"true\" aria-required=\"true\" name=\"us_form_1_agreement_1\"\/>\r\n\t\t\t<span>I have taken note of the <a href=\"https:\/\/www.centerprise-group.com\/en\/data-privacy-statement\/\" target=\"_blank\">privacy policy<\/a> and agree to it.<\/span>\r\n\t\t<\/label>\r\n\t\t\t<\/div>\r\n\t\t<div class=\"w-form-row-state\">You need to agree with the terms to proceed<\/div>\r\n<\/div>\r\n<input type=\"hidden\" name=\"action\" value=\"us_ajax_cform\" \/>\r\n<input type=\"hidden\" name=\"post_id\" value=\"0\" \/>\r\n<input type=\"hidden\" name=\"form_index\" value=\"1\" \/>\r\n<div class=\"w-form-row for_submit align_none\">\r\n\t<button class=\"w-btn  us-btn-style_1\" aria-label=\"Submit\" type=\"submit\">\r\n\t\t<span class=\"g-preloader type_1\"><\/span>\r\n\t\t\t\t<span class=\"w-btn-label\">Submit<\/span>\r\n\t\t\t<\/button>\r\n\t<\/div>\r\n<\/div><div class=\"w-form-message\"><\/div><div class=\"w-form-json hidden\" onclick='return {&quot;ajaxurl&quot;:&quot;https:\\\/\\\/www.centerprise-group.com\\\/wp-admin\\\/admin-ajax.php&quot;,&quot;messages&quot;:{&quot;err_empty&quot;:&quot;Fill out this field&quot;,&quot;err_size&quot;:&quot;File size cannot exceed %s MB&quot;,&quot;err_extension&quot;:&quot;%s file type is not allowed&quot;}}'><\/div><\/form><\/div><\/div><\/div><\/div><\/div><\/section>\n","protected":false},"excerpt":{"rendered":"We are looking forward to your visit in our offices! Centerprise Group Skyline \u2013 Heiligenst\u00e4dterstra\u00dfe 31, 1190 Vienna (Innerer D\u00f6blinger G\u00fcrtel, Stadtbahnbogen 352) Mag. Gerald Liebscher: +43 664 26 39 770 Peter Pointner: +43 664 33 77 417 E-mail: office@centerprise-group.com Directions Arrival by public transport U4, U6 (station: Spittelau) S-Bahn (S 40 \u2013 station: Spittelau)...","protected":false},"author":2,"featured_media":8178,"parent":0,"menu_order":10,"comment_status":"closed","ping_status":"closed","template":"","meta":{"footnotes":""},"class_list":["post-7823","page","type-page","status-publish","has-post-thumbnail","hentry"],"yoast_head":"<!-- This site is optimized with the Yoast SEO plugin v25.8 - https:\/\/yoast.com\/wordpress\/plugins\/seo\/ -->\n<title>Contact - Centerprise Group<\/title>\n<meta name=\"description\" content=\"We are looking forward to your visit in our offices! Centerprise Group, Skyline \u2013 Heiligenst\u00e4dterstr. 31, 1190 Vienna (Innerer D\u00f6blinger G\u00fcrtel, Stadtbahnbogen 352)\" \/>\n<meta name=\"robots\" content=\"index, follow, max-snippet:-1, max-image-preview:large, max-video-preview:-1\" \/>\n<link rel=\"canonical\" href=\"https:\/\/www.centerprise-group.com\/en\/set-up-a-meeting-with-us\/\" \/>\n<meta property=\"og:locale\" content=\"en_US\" \/>\n<meta property=\"og:type\" content=\"article\" \/>\n<meta property=\"og:title\" content=\"Contact - Centerprise Group\" \/>\n<meta property=\"og:description\" content=\"We are looking forward to your visit in our offices! Centerprise Group, Skyline \u2013 Heiligenst\u00e4dterstr. 31, 1190 Vienna (Innerer D\u00f6blinger G\u00fcrtel, Stadtbahnbogen 352)\" \/>\n<meta property=\"og:url\" content=\"https:\/\/www.centerprise-group.com\/en\/set-up-a-meeting-with-us\/\" \/>\n<meta property=\"og:site_name\" content=\"Centerprise Group\" \/>\n<meta property=\"article:modified_time\" content=\"2020-09-24T10:39:41+00:00\" \/>\n<meta property=\"og:image\" content=\"https:\/\/www.centerprise-group.com\/wp-content\/uploads\/2019\/09\/Centerprise-Group-Immoconsulting-Kontakt-Sujet.jpg\" \/>\n\t<meta property=\"og:image:width\" content=\"1920\" \/>\n\t<meta property=\"og:image:height\" content=\"1280\" \/>\n\t<meta property=\"og:image:type\" content=\"image\/jpeg\" \/>\n<meta name=\"twitter:card\" content=\"summary_large_image\" \/>\n<meta name=\"twitter:label1\" content=\"Est. reading time\" \/>\n\t<meta name=\"twitter:data1\" content=\"2 minutes\" \/>\n<script type=\"application\/ld+json\" class=\"yoast-schema-graph\">{\"@context\":\"https:\/\/schema.org\",\"@graph\":[{\"@type\":\"WebPage\",\"@id\":\"https:\/\/www.centerprise-group.com\/en\/set-up-a-meeting-with-us\/\",\"url\":\"https:\/\/www.centerprise-group.com\/en\/set-up-a-meeting-with-us\/\",\"name\":\"Contact - Centerprise Group\",\"isPartOf\":{\"@id\":\"https:\/\/www.centerprise-group.com\/en\/#website\"},\"primaryImageOfPage\":{\"@id\":\"https:\/\/www.centerprise-group.com\/en\/set-up-a-meeting-with-us\/#primaryimage\"},\"image\":{\"@id\":\"https:\/\/www.centerprise-group.com\/en\/set-up-a-meeting-with-us\/#primaryimage\"},\"thumbnailUrl\":\"https:\/\/www.centerprise-group.com\/wp-content\/uploads\/2022\/07\/centerprise-kontakt-header.jpg\",\"datePublished\":\"2020-07-28T11:17:27+00:00\",\"dateModified\":\"2020-09-24T10:39:41+00:00\",\"description\":\"We are looking forward to your visit in our offices! Centerprise Group, Skyline \u2013 Heiligenst\u00e4dterstr. 31, 1190 Vienna (Innerer D\u00f6blinger G\u00fcrtel, Stadtbahnbogen 352)\",\"breadcrumb\":{\"@id\":\"https:\/\/www.centerprise-group.com\/en\/set-up-a-meeting-with-us\/#breadcrumb\"},\"inLanguage\":\"en-US\",\"potentialAction\":[{\"@type\":\"ReadAction\",\"target\":[\"https:\/\/www.centerprise-group.com\/en\/set-up-a-meeting-with-us\/\"]}]},{\"@type\":\"ImageObject\",\"inLanguage\":\"en-US\",\"@id\":\"https:\/\/www.centerprise-group.com\/en\/set-up-a-meeting-with-us\/#primaryimage\",\"url\":\"https:\/\/www.centerprise-group.com\/wp-content\/uploads\/2022\/07\/centerprise-kontakt-header.jpg\",\"contentUrl\":\"https:\/\/www.centerprise-group.com\/wp-content\/uploads\/2022\/07\/centerprise-kontakt-header.jpg\",\"width\":1920,\"height\":1278},{\"@type\":\"BreadcrumbList\",\"@id\":\"https:\/\/www.centerprise-group.com\/en\/set-up-a-meeting-with-us\/#breadcrumb\",\"itemListElement\":[{\"@type\":\"ListItem\",\"position\":1,\"name\":\"Startseite\",\"item\":\"https:\/\/www.centerprise-group.com\/en\/\"},{\"@type\":\"ListItem\",\"position\":2,\"name\":\"Set up a meeting with us!\"}]},{\"@type\":\"WebSite\",\"@id\":\"https:\/\/www.centerprise-group.com\/en\/#website\",\"url\":\"https:\/\/www.centerprise-group.com\/en\/\",\"name\":\"Centerprise Group\",\"description\":\"Nutzen Sie unser Know-How f\u00fcr Ihren Erfolg\",\"publisher\":{\"@id\":\"https:\/\/www.centerprise-group.com\/en\/#organization\"},\"potentialAction\":[{\"@type\":\"SearchAction\",\"target\":{\"@type\":\"EntryPoint\",\"urlTemplate\":\"https:\/\/www.centerprise-group.com\/en\/?s={search_term_string}\"},\"query-input\":{\"@type\":\"PropertyValueSpecification\",\"valueRequired\":true,\"valueName\":\"search_term_string\"}}],\"inLanguage\":\"en-US\"},{\"@type\":\"Organization\",\"@id\":\"https:\/\/www.centerprise-group.com\/en\/#organization\",\"name\":\"Centerprise Group\",\"url\":\"https:\/\/www.centerprise-group.com\/en\/\",\"logo\":{\"@type\":\"ImageObject\",\"inLanguage\":\"en-US\",\"@id\":\"https:\/\/www.centerprise-group.com\/en\/#\/schema\/logo\/image\/\",\"url\":\"https:\/\/www.centerprise-group.com\/wp-content\/uploads\/2017\/07\/centerprise-group-logo.png\",\"contentUrl\":\"https:\/\/www.centerprise-group.com\/wp-content\/uploads\/2017\/07\/centerprise-group-logo.png\",\"width\":281,\"height\":115,\"caption\":\"Centerprise Group\"},\"image\":{\"@id\":\"https:\/\/www.centerprise-group.com\/en\/#\/schema\/logo\/image\/\"}}]}<\/script>\n<!-- \/ Yoast SEO plugin. -->","yoast_head_json":{"title":"Contact - Centerprise Group","description":"We are looking forward to your visit in our offices! Centerprise Group, Skyline \u2013 Heiligenst\u00e4dterstr. 31, 1190 Vienna (Innerer D\u00f6blinger G\u00fcrtel, Stadtbahnbogen 352)","robots":{"index":"index","follow":"follow","max-snippet":"max-snippet:-1","max-image-preview":"max-image-preview:large","max-video-preview":"max-video-preview:-1"},"canonical":"https:\/\/www.centerprise-group.com\/en\/set-up-a-meeting-with-us\/","og_locale":"en_US","og_type":"article","og_title":"Contact - Centerprise Group","og_description":"We are looking forward to your visit in our offices! Centerprise Group, Skyline \u2013 Heiligenst\u00e4dterstr. 31, 1190 Vienna (Innerer D\u00f6blinger G\u00fcrtel, Stadtbahnbogen 352)","og_url":"https:\/\/www.centerprise-group.com\/en\/set-up-a-meeting-with-us\/","og_site_name":"Centerprise Group","article_modified_time":"2020-09-24T10:39:41+00:00","og_image":[{"width":1920,"height":1280,"url":"https:\/\/www.centerprise-group.com\/wp-content\/uploads\/2019\/09\/Centerprise-Group-Immoconsulting-Kontakt-Sujet.jpg","type":"image\/jpeg"}],"twitter_card":"summary_large_image","twitter_misc":{"Est. reading time":"2 minutes"},"schema":{"@context":"https:\/\/schema.org","@graph":[{"@type":"WebPage","@id":"https:\/\/www.centerprise-group.com\/en\/set-up-a-meeting-with-us\/","url":"https:\/\/www.centerprise-group.com\/en\/set-up-a-meeting-with-us\/","name":"Contact - Centerprise Group","isPartOf":{"@id":"https:\/\/www.centerprise-group.com\/en\/#website"},"primaryImageOfPage":{"@id":"https:\/\/www.centerprise-group.com\/en\/set-up-a-meeting-with-us\/#primaryimage"},"image":{"@id":"https:\/\/www.centerprise-group.com\/en\/set-up-a-meeting-with-us\/#primaryimage"},"thumbnailUrl":"https:\/\/www.centerprise-group.com\/wp-content\/uploads\/2022\/07\/centerprise-kontakt-header.jpg","datePublished":"2020-07-28T11:17:27+00:00","dateModified":"2020-09-24T10:39:41+00:00","description":"We are looking forward to your visit in our offices! Centerprise Group, Skyline \u2013 Heiligenst\u00e4dterstr. 31, 1190 Vienna (Innerer D\u00f6blinger G\u00fcrtel, Stadtbahnbogen 352)","breadcrumb":{"@id":"https:\/\/www.centerprise-group.com\/en\/set-up-a-meeting-with-us\/#breadcrumb"},"inLanguage":"en-US","potentialAction":[{"@type":"ReadAction","target":["https:\/\/www.centerprise-group.com\/en\/set-up-a-meeting-with-us\/"]}]},{"@type":"ImageObject","inLanguage":"en-US","@id":"https:\/\/www.centerprise-group.com\/en\/set-up-a-meeting-with-us\/#primaryimage","url":"https:\/\/www.centerprise-group.com\/wp-content\/uploads\/2022\/07\/centerprise-kontakt-header.jpg","contentUrl":"https:\/\/www.centerprise-group.com\/wp-content\/uploads\/2022\/07\/centerprise-kontakt-header.jpg","width":1920,"height":1278},{"@type":"BreadcrumbList","@id":"https:\/\/www.centerprise-group.com\/en\/set-up-a-meeting-with-us\/#breadcrumb","itemListElement":[{"@type":"ListItem","position":1,"name":"Startseite","item":"https:\/\/www.centerprise-group.com\/en\/"},{"@type":"ListItem","position":2,"name":"Set up a meeting with us!"}]},{"@type":"WebSite","@id":"https:\/\/www.centerprise-group.com\/en\/#website","url":"https:\/\/www.centerprise-group.com\/en\/","name":"Centerprise Group","description":"Nutzen Sie unser Know-How f\u00fcr Ihren Erfolg","publisher":{"@id":"https:\/\/www.centerprise-group.com\/en\/#organization"},"potentialAction":[{"@type":"SearchAction","target":{"@type":"EntryPoint","urlTemplate":"https:\/\/www.centerprise-group.com\/en\/?s={search_term_string}"},"query-input":{"@type":"PropertyValueSpecification","valueRequired":true,"valueName":"search_term_string"}}],"inLanguage":"en-US"},{"@type":"Organization","@id":"https:\/\/www.centerprise-group.com\/en\/#organization","name":"Centerprise Group","url":"https:\/\/www.centerprise-group.com\/en\/","logo":{"@type":"ImageObject","inLanguage":"en-US","@id":"https:\/\/www.centerprise-group.com\/en\/#\/schema\/logo\/image\/","url":"https:\/\/www.centerprise-group.com\/wp-content\/uploads\/2017\/07\/centerprise-group-logo.png","contentUrl":"https:\/\/www.centerprise-group.com\/wp-content\/uploads\/2017\/07\/centerprise-group-logo.png","width":281,"height":115,"caption":"Centerprise Group"},"image":{"@id":"https:\/\/www.centerprise-group.com\/en\/#\/schema\/logo\/image\/"}}]}},"_links":{"self":[{"href":"https:\/\/www.centerprise-group.com\/en\/wp-json\/wp\/v2\/pages\/7823","targetHints":{"allow":["GET"]}}],"collection":[{"href":"https:\/\/www.centerprise-group.com\/en\/wp-json\/wp\/v2\/pages"}],"about":[{"href":"https:\/\/www.centerprise-group.com\/en\/wp-json\/wp\/v2\/types\/page"}],"author":[{"embeddable":true,"href":"https:\/\/www.centerprise-group.com\/en\/wp-json\/wp\/v2\/users\/2"}],"replies":[{"embeddable":true,"href":"https:\/\/www.centerprise-group.com\/en\/wp-json\/wp\/v2\/comments?post=7823"}],"version-history":[{"count":15,"href":"https:\/\/www.centerprise-group.com\/en\/wp-json\/wp\/v2\/pages\/7823\/revisions"}],"predecessor-version":[{"id":8081,"href":"https:\/\/www.centerprise-group.com\/en\/wp-json\/wp\/v2\/pages\/7823\/revisions\/8081"}],"wp:featuredmedia":[{"embeddable":true,"href":"https:\/\/www.centerprise-group.com\/en\/wp-json\/wp\/v2\/media\/8178"}],"wp:attachment":[{"href":"https:\/\/www.centerprise-group.com\/en\/wp-json\/wp\/v2\/media?parent=7823"}],"curies":[{"name":"wp","href":"https:\/\/api.w.org\/{rel}","templated":true}]}}